{"id":436,"date":"2020-08-06T16:12:18","date_gmt":"2020-08-06T14:12:18","guid":{"rendered":"https:\/\/kirigami.si\/?post_type=product&#038;p=436"},"modified":"2026-01-17T17:42:29","modified_gmt":"2026-01-17T16:42:29","slug":"pasja-uta","status":"publish","type":"product","link":"https:\/\/kirigami.si\/en\/product\/pasja-uta\/","title":{"rendered":"DOG HOUSE"},"content":{"rendered":"","protected":false},"excerpt":{"rendered":"<p>Card size: 15 x 17 cm<br \/>\nSuitable for: friendship, thank you, birthday, invitation, anniversary<\/p>","protected":false},"featured_media":438,"template":"","meta":{"_monsterinsights_skip_tracking":false,"_monsterinsights_sitenote_active":false,"_monsterinsights_sitenote_note":"","_monsterinsights_sitenote_category":0,"ocean_post_layout":"","ocean_both_sidebars_style":"","ocean_both_sidebars_content_width":0,"ocean_both_sidebars_sidebars_width":0,"ocean_sidebar":"0","ocean_second_sidebar":"0","ocean_disable_margins":"enable","ocean_add_body_class":"","ocean_shortcode_before_top_bar":"","ocean_shortcode_after_top_bar":"","ocean_shortcode_before_header":"","ocean_shortcode_after_header":"","ocean_has_shortcode":"","ocean_shortcode_after_title":"","ocean_shortcode_before_footer_widgets":"","ocean_shortcode_after_footer_widgets":"","ocean_shortcode_before_footer_bottom":"","ocean_shortcode_after_footer_bottom":"","ocean_display_top_bar":"default","ocean_display_header":"default","ocean_header_style":"","ocean_center_header_left_menu":"0","ocean_custom_header_template":"0","ocean_custom_logo":0,"ocean_custom_retina_logo":0,"ocean_custom_logo_max_width":0,"ocean_custom_logo_tablet_max_width":0,"ocean_custom_logo_mobile_max_width":0,"ocean_custom_logo_max_height":0,"ocean_custom_logo_tablet_max_height":0,"ocean_custom_logo_mobile_max_height":0,"ocean_header_custom_menu":"0","ocean_menu_typo_font_family":"0","ocean_menu_typo_font_subset":"","ocean_menu_typo_font_size":0,"ocean_menu_typo_font_size_tablet":0,"ocean_menu_typo_font_size_mobile":0,"ocean_menu_typo_font_size_unit":"px","ocean_menu_typo_font_weight":"","ocean_menu_typo_font_weight_tablet":"","ocean_menu_typo_font_weight_mobile":"","ocean_menu_typo_transform":"","ocean_menu_typo_transform_tablet":"","ocean_menu_typo_transform_mobile":"","ocean_menu_typo_line_height":0,"ocean_menu_typo_line_height_tablet":0,"ocean_menu_typo_line_height_mobile":0,"ocean_menu_typo_line_height_unit":"","ocean_menu_typo_spacing":0,"ocean_menu_typo_spacing_tablet":0,"ocean_menu_typo_spacing_mobile":0,"ocean_menu_typo_spacing_unit":"","ocean_menu_link_color":"","ocean_menu_link_color_hover":"","ocean_menu_link_color_active":"","ocean_menu_link_background":"","ocean_menu_link_hover_background":"","ocean_menu_link_active_background":"","ocean_menu_social_links_bg":"","ocean_menu_social_hover_links_bg":"","ocean_menu_social_links_color":"","ocean_menu_social_hover_links_color":"","ocean_disable_title":"default","ocean_disable_heading":"default","ocean_post_title":"","ocean_post_subheading":"","ocean_post_title_style":"","ocean_post_title_background_color":"","ocean_post_title_background":0,"ocean_post_title_bg_image_position":"","ocean_post_title_bg_image_attachment":"","ocean_post_title_bg_image_repeat":"","ocean_post_title_bg_image_size":"","ocean_post_title_height":0,"ocean_post_title_bg_overlay":0.5,"ocean_post_title_bg_overlay_color":"","ocean_disable_breadcrumbs":"default","ocean_breadcrumbs_color":"","ocean_breadcrumbs_separator_color":"","ocean_breadcrumbs_links_color":"","ocean_breadcrumbs_links_hover_color":"","ocean_display_footer_widgets":"default","ocean_display_footer_bottom":"default","ocean_custom_footer_template":"0"},"product_brand":[],"product_cat":[27,30,55,36,37],"product_tag":[51],"class_list":{"0":"post-436","1":"product","2":"type-product","3":"status-publish","4":"has-post-thumbnail","6":"product_cat-prijateljske","7":"product_cat-rojstnodnevne","8":"product_cat-vabilo","9":"product_cat-vse","10":"product_cat-zahvalne","11":"product_tag-zivali","13":"entry","14":"has-media","16":"first","17":"instock","18":"shipping-taxable","19":"purchasable","20":"product-type-simple","21":"has-product-nav","22":"col","23":"span_1_of_3","24":"owp-content-center","25":"owp-thumbs-layout-horizontal","26":"owp-btn-normal","27":"owp-tabs-layout-horizontal","28":"has-no-thumbnails"},"yoast_head":"<!-- This site is optimized with the Yoast SEO plugin v27.5 - https:\/\/yoast.com\/product\/yoast-seo-wordpress\/ -->\n<title>PASJA UTA - Kirigami<\/title>\n<meta name=\"description\" content=\"Pasja uta je 3D \u010destitka za rojstni dan ali vselitev v nov dom, ki ga \u010duva pasji ljubljen\u010dek. Za vse ljubitelje psov.\" \/>\n<meta name=\"robots\" content=\"index, follow, max-snippet:-1, max-image-preview:large, max-video-preview:-1\" \/>\n<link rel=\"canonical\" href=\"https:\/\/kirigami.si\/en\/product\/pasja-uta\/\" \/>\n<meta property=\"og:locale\" content=\"en_GB\" \/>\n<meta property=\"og:type\" content=\"article\" \/>\n<meta property=\"og:title\" content=\"PASJA UTA - Kirigami\" \/>\n<meta property=\"og:description\" content=\"Pasja uta je 3D \u010destitka za rojstni dan ali vselitev v nov dom, ki ga \u010duva pasji ljubljen\u010dek. Za vse ljubitelje psov.\" \/>\n<meta property=\"og:url\" content=\"https:\/\/kirigami.si\/en\/product\/pasja-uta\/\" \/>\n<meta property=\"og:site_name\" content=\"Kirigami\" \/>\n<meta property=\"article:modified_time\" content=\"2026-01-17T16:42:29+00:00\" \/>\n<meta property=\"og:image\" content=\"https:\/\/kirigami.si\/wp-content\/uploads\/2020\/08\/pasja-uta.jpg\" \/>\n\t<meta property=\"og:image:width\" content=\"800\" \/>\n\t<meta property=\"og:image:height\" content=\"800\" \/>\n\t<meta property=\"og:image:type\" content=\"image\/jpeg\" \/>\n<meta name=\"twitter:card\" content=\"summary_large_image\" \/>\n<script type=\"application\/ld+json\" class=\"yoast-schema-graph\">{\"@context\":\"https:\\\/\\\/schema.org\",\"@graph\":[{\"@type\":\"WebPage\",\"@id\":\"https:\\\/\\\/kirigami.si\\\/izdelek\\\/pasja-uta\\\/\",\"url\":\"https:\\\/\\\/kirigami.si\\\/izdelek\\\/pasja-uta\\\/\",\"name\":\"PASJA UTA - Kirigami\",\"isPartOf\":{\"@id\":\"https:\\\/\\\/kirigami.si\\\/#website\"},\"primaryImageOfPage\":{\"@id\":\"https:\\\/\\\/kirigami.si\\\/izdelek\\\/pasja-uta\\\/#primaryimage\"},\"image\":{\"@id\":\"https:\\\/\\\/kirigami.si\\\/izdelek\\\/pasja-uta\\\/#primaryimage\"},\"thumbnailUrl\":\"https:\\\/\\\/kirigami.si\\\/wp-content\\\/uploads\\\/2020\\\/08\\\/pasja-uta.jpg\",\"datePublished\":\"2020-08-06T14:12:18+00:00\",\"dateModified\":\"2026-01-17T16:42:29+00:00\",\"description\":\"Pasja uta je 3D \u010destitka za rojstni dan ali vselitev v nov dom, ki ga \u010duva pasji ljubljen\u010dek. Za vse ljubitelje psov.\",\"breadcrumb\":{\"@id\":\"https:\\\/\\\/kirigami.si\\\/izdelek\\\/pasja-uta\\\/#breadcrumb\"},\"inLanguage\":\"en-GB\",\"potentialAction\":[{\"@type\":\"ReadAction\",\"target\":[\"https:\\\/\\\/kirigami.si\\\/izdelek\\\/pasja-uta\\\/\"]}]},{\"@type\":\"ImageObject\",\"inLanguage\":\"en-GB\",\"@id\":\"https:\\\/\\\/kirigami.si\\\/izdelek\\\/pasja-uta\\\/#primaryimage\",\"url\":\"https:\\\/\\\/kirigami.si\\\/wp-content\\\/uploads\\\/2020\\\/08\\\/pasja-uta.jpg\",\"contentUrl\":\"https:\\\/\\\/kirigami.si\\\/wp-content\\\/uploads\\\/2020\\\/08\\\/pasja-uta.jpg\",\"width\":800,\"height\":800},{\"@type\":\"BreadcrumbList\",\"@id\":\"https:\\\/\\\/kirigami.si\\\/izdelek\\\/pasja-uta\\\/#breadcrumb\",\"itemListElement\":[{\"@type\":\"ListItem\",\"position\":1,\"name\":\"Home\",\"item\":\"https:\\\/\\\/kirigami.si\\\/\"},{\"@type\":\"ListItem\",\"position\":2,\"name\":\"Trgovina\",\"item\":\"https:\\\/\\\/kirigami.si\\\/en\\\/trgovina\\\/\"},{\"@type\":\"ListItem\",\"position\":3,\"name\":\"PASJA UTA\"}]},{\"@type\":\"WebSite\",\"@id\":\"https:\\\/\\\/kirigami.si\\\/#website\",\"url\":\"https:\\\/\\\/kirigami.si\\\/\",\"name\":\"Kirigami\",\"description\":\"3d pop-up vo\u0161\u010dilnice\",\"publisher\":{\"@id\":\"https:\\\/\\\/kirigami.si\\\/#organization\"},\"potentialAction\":[{\"@type\":\"SearchAction\",\"target\":{\"@type\":\"EntryPoint\",\"urlTemplate\":\"https:\\\/\\\/kirigami.si\\\/?s={search_term_string}\"},\"query-input\":{\"@type\":\"PropertyValueSpecification\",\"valueRequired\":true,\"valueName\":\"search_term_string\"}}],\"inLanguage\":\"en-GB\"},{\"@type\":\"Organization\",\"@id\":\"https:\\\/\\\/kirigami.si\\\/#organization\",\"name\":\"Kirigami\",\"url\":\"https:\\\/\\\/kirigami.si\\\/\",\"logo\":{\"@type\":\"ImageObject\",\"inLanguage\":\"en-GB\",\"@id\":\"https:\\\/\\\/kirigami.si\\\/#\\\/schema\\\/logo\\\/image\\\/\",\"url\":\"https:\\\/\\\/kirigami.si\\\/wp-content\\\/uploads\\\/2020\\\/08\\\/Kirigami.si-150.png\",\"contentUrl\":\"https:\\\/\\\/kirigami.si\\\/wp-content\\\/uploads\\\/2020\\\/08\\\/Kirigami.si-150.png\",\"width\":150,\"height\":47,\"caption\":\"Kirigami\"},\"image\":{\"@id\":\"https:\\\/\\\/kirigami.si\\\/#\\\/schema\\\/logo\\\/image\\\/\"}}]}<\/script>\n<!-- \/ Yoast SEO plugin. -->","yoast_head_json":{"title":"PASJA UTA - Kirigami","description":"Pasja uta je 3D \u010destitka za rojstni dan ali vselitev v nov dom, ki ga \u010duva pasji ljubljen\u010dek. Za vse ljubitelje psov.","robots":{"index":"index","follow":"follow","max-snippet":"max-snippet:-1","max-image-preview":"max-image-preview:large","max-video-preview":"max-video-preview:-1"},"canonical":"https:\/\/kirigami.si\/en\/product\/pasja-uta\/","og_locale":"en_GB","og_type":"article","og_title":"PASJA UTA - Kirigami","og_description":"Pasja uta je 3D \u010destitka za rojstni dan ali vselitev v nov dom, ki ga \u010duva pasji ljubljen\u010dek. Za vse ljubitelje psov.","og_url":"https:\/\/kirigami.si\/en\/product\/pasja-uta\/","og_site_name":"Kirigami","article_modified_time":"2026-01-17T16:42:29+00:00","og_image":[{"width":800,"height":800,"url":"https:\/\/kirigami.si\/wp-content\/uploads\/2020\/08\/pasja-uta.jpg","type":"image\/jpeg"}],"twitter_card":"summary_large_image","schema":{"@context":"https:\/\/schema.org","@graph":[{"@type":"WebPage","@id":"https:\/\/kirigami.si\/izdelek\/pasja-uta\/","url":"https:\/\/kirigami.si\/izdelek\/pasja-uta\/","name":"PASJA UTA - Kirigami","isPartOf":{"@id":"https:\/\/kirigami.si\/#website"},"primaryImageOfPage":{"@id":"https:\/\/kirigami.si\/izdelek\/pasja-uta\/#primaryimage"},"image":{"@id":"https:\/\/kirigami.si\/izdelek\/pasja-uta\/#primaryimage"},"thumbnailUrl":"https:\/\/kirigami.si\/wp-content\/uploads\/2020\/08\/pasja-uta.jpg","datePublished":"2020-08-06T14:12:18+00:00","dateModified":"2026-01-17T16:42:29+00:00","description":"Pasja uta je 3D \u010destitka za rojstni dan ali vselitev v nov dom, ki ga \u010duva pasji ljubljen\u010dek. Za vse ljubitelje psov.","breadcrumb":{"@id":"https:\/\/kirigami.si\/izdelek\/pasja-uta\/#breadcrumb"},"inLanguage":"en-GB","potentialAction":[{"@type":"ReadAction","target":["https:\/\/kirigami.si\/izdelek\/pasja-uta\/"]}]},{"@type":"ImageObject","inLanguage":"en-GB","@id":"https:\/\/kirigami.si\/izdelek\/pasja-uta\/#primaryimage","url":"https:\/\/kirigami.si\/wp-content\/uploads\/2020\/08\/pasja-uta.jpg","contentUrl":"https:\/\/kirigami.si\/wp-content\/uploads\/2020\/08\/pasja-uta.jpg","width":800,"height":800},{"@type":"BreadcrumbList","@id":"https:\/\/kirigami.si\/izdelek\/pasja-uta\/#breadcrumb","itemListElement":[{"@type":"ListItem","position":1,"name":"Home","item":"https:\/\/kirigami.si\/"},{"@type":"ListItem","position":2,"name":"Trgovina","item":"https:\/\/kirigami.si\/en\/trgovina\/"},{"@type":"ListItem","position":3,"name":"PASJA UTA"}]},{"@type":"WebSite","@id":"https:\/\/kirigami.si\/#website","url":"https:\/\/kirigami.si\/","name":"Kirigami","description":"3d pop-up vo\u0161\u010dilnice","publisher":{"@id":"https:\/\/kirigami.si\/#organization"},"potentialAction":[{"@type":"SearchAction","target":{"@type":"EntryPoint","urlTemplate":"https:\/\/kirigami.si\/?s={search_term_string}"},"query-input":{"@type":"PropertyValueSpecification","valueRequired":true,"valueName":"search_term_string"}}],"inLanguage":"en-GB"},{"@type":"Organization","@id":"https:\/\/kirigami.si\/#organization","name":"Kirigami","url":"https:\/\/kirigami.si\/","logo":{"@type":"ImageObject","inLanguage":"en-GB","@id":"https:\/\/kirigami.si\/#\/schema\/logo\/image\/","url":"https:\/\/kirigami.si\/wp-content\/uploads\/2020\/08\/Kirigami.si-150.png","contentUrl":"https:\/\/kirigami.si\/wp-content\/uploads\/2020\/08\/Kirigami.si-150.png","width":150,"height":47,"caption":"Kirigami"},"image":{"@id":"https:\/\/kirigami.si\/#\/schema\/logo\/image\/"}}]}},"_links":{"self":[{"href":"https:\/\/kirigami.si\/en\/wp-json\/wp\/v2\/product\/436","targetHints":{"allow":["GET"]}}],"collection":[{"href":"https:\/\/kirigami.si\/en\/wp-json\/wp\/v2\/product"}],"about":[{"href":"https:\/\/kirigami.si\/en\/wp-json\/wp\/v2\/types\/product"}],"version-history":[{"count":0,"href":"https:\/\/kirigami.si\/en\/wp-json\/wp\/v2\/product\/436\/revisions"}],"wp:featuredmedia":[{"embeddable":true,"href":"https:\/\/kirigami.si\/en\/wp-json\/wp\/v2\/media\/438"}],"wp:attachment":[{"href":"https:\/\/kirigami.si\/en\/wp-json\/wp\/v2\/media?parent=436"}],"wp:term":[{"taxonomy":"product_brand","embeddable":true,"href":"https:\/\/kirigami.si\/en\/wp-json\/wp\/v2\/product_brand?post=436"},{"taxonomy":"product_cat","embeddable":true,"href":"https:\/\/kirigami.si\/en\/wp-json\/wp\/v2\/product_cat?post=436"},{"taxonomy":"product_tag","embeddable":true,"href":"https:\/\/kirigami.si\/en\/wp-json\/wp\/v2\/product_tag?post=436"}],"curies":[{"name":"wp","href":"https:\/\/api.w.org\/{rel}","templated":true}]}}