{"id":2908,"date":"2021-11-21T12:01:22","date_gmt":"2021-11-21T11:01:22","guid":{"rendered":"https:\/\/kirigami.si\/?post_type=product&#038;p=2908"},"modified":"2025-10-09T21:04:18","modified_gmt":"2025-10-09T19:04:18","slug":"muce-in-pes","status":"publish","type":"product","link":"https:\/\/kirigami.si\/en\/product\/muce-in-pes\/","title":{"rendered":"CATS AND DOG pink"},"content":{"rendered":"\t\t<div data-elementor-type=\"product-post\" data-elementor-id=\"2908\" class=\"elementor elementor-2908\" data-elementor-post-type=\"product\">\n\t\t\t\t\t\t<section class=\"elementor-section elementor-top-section elementor-element elementor-element-53a9051 elementor-section-boxed elementor-section-height-default elementor-section-height-default\" data-id=\"53a9051\" data-element_type=\"section\" data-e-type=\"section\" data-settings=\"{&quot;jet_parallax_layout_list&quot;:[{&quot;jet_parallax_layout_image&quot;:{&quot;url&quot;:&quot;&quot;,&quot;id&quot;:&quot;&quot;,&quot;size&quot;:&quot;&quot;},&quot;_id&quot;:&quot;f126d1e&quot;,&quot;jet_parallax_layout_image_tablet&quot;:{&quot;url&quot;:&quot;&quot;,&quot;id&quot;:&quot;&quot;,&quot;size&quot;:&quot;&quot;},&quot;jet_parallax_layout_image_mobile&quot;:{&quot;url&quot;:&quot;&quot;,&quot;id&quot;:&quot;&quot;,&quot;size&quot;:&quot;&quot;},&quot;jet_parallax_layout_speed&quot;:{&quot;unit&quot;:&quot;%&quot;,&quot;size&quot;:50,&quot;sizes&quot;:[]},&quot;jet_parallax_layout_type&quot;:&quot;scroll&quot;,&quot;jet_parallax_layout_direction&quot;:&quot;1&quot;,&quot;jet_parallax_layout_fx_direction&quot;:null,&quot;jet_parallax_layout_z_index&quot;:&quot;&quot;,&quot;jet_parallax_layout_bg_x&quot;:50,&quot;jet_parallax_layout_bg_x_tablet&quot;:&quot;&quot;,&quot;jet_parallax_layout_bg_x_mobile&quot;:&quot;&quot;,&quot;jet_parallax_layout_bg_y&quot;:50,&quot;jet_parallax_layout_bg_y_tablet&quot;:&quot;&quot;,&quot;jet_parallax_layout_bg_y_mobile&quot;:&quot;&quot;,&quot;jet_parallax_layout_bg_size&quot;:&quot;auto&quot;,&quot;jet_parallax_layout_bg_size_tablet&quot;:&quot;&quot;,&quot;jet_parallax_layout_bg_size_mobile&quot;:&quot;&quot;,&quot;jet_parallax_layout_animation_prop&quot;:&quot;transform&quot;,&quot;jet_parallax_layout_on&quot;:[&quot;desktop&quot;,&quot;tablet&quot;]}]}\">\n\t\t\t\t\t\t<div class=\"elementor-container elementor-column-gap-default\">\n\t\t\t\t\t<div class=\"elementor-column elementor-col-100 elementor-top-column elementor-element elementor-element-903a3b5\" data-id=\"903a3b5\" data-element_type=\"column\" data-e-type=\"column\">\n\t\t\t<div class=\"elementor-widget-wrap elementor-element-populated\">\n\t\t\t\t\t\t\t<\/div>\n\t\t<\/div>\n\t\t\t\t\t<\/div>\n\t\t<\/section>\n\t\t\t\t<section class=\"elementor-section elementor-top-section elementor-element elementor-element-f88738c elementor-section-boxed elementor-section-height-default elementor-section-height-default\" data-id=\"f88738c\" data-element_type=\"section\" data-e-type=\"section\" data-settings=\"{&quot;jet_parallax_layout_list&quot;:[{&quot;jet_parallax_layout_image&quot;:{&quot;url&quot;:&quot;&quot;,&quot;id&quot;:&quot;&quot;,&quot;size&quot;:&quot;&quot;},&quot;_id&quot;:&quot;367f124&quot;,&quot;jet_parallax_layout_image_tablet&quot;:{&quot;url&quot;:&quot;&quot;,&quot;id&quot;:&quot;&quot;,&quot;size&quot;:&quot;&quot;},&quot;jet_parallax_layout_image_mobile&quot;:{&quot;url&quot;:&quot;&quot;,&quot;id&quot;:&quot;&quot;,&quot;size&quot;:&quot;&quot;},&quot;jet_parallax_layout_speed&quot;:{&quot;unit&quot;:&quot;%&quot;,&quot;size&quot;:50,&quot;sizes&quot;:[]},&quot;jet_parallax_layout_type&quot;:&quot;scroll&quot;,&quot;jet_parallax_layout_direction&quot;:&quot;1&quot;,&quot;jet_parallax_layout_fx_direction&quot;:null,&quot;jet_parallax_layout_z_index&quot;:&quot;&quot;,&quot;jet_parallax_layout_bg_x&quot;:50,&quot;jet_parallax_layout_bg_x_tablet&quot;:&quot;&quot;,&quot;jet_parallax_layout_bg_x_mobile&quot;:&quot;&quot;,&quot;jet_parallax_layout_bg_y&quot;:50,&quot;jet_parallax_layout_bg_y_tablet&quot;:&quot;&quot;,&quot;jet_parallax_layout_bg_y_mobile&quot;:&quot;&quot;,&quot;jet_parallax_layout_bg_size&quot;:&quot;auto&quot;,&quot;jet_parallax_layout_bg_size_tablet&quot;:&quot;&quot;,&quot;jet_parallax_layout_bg_size_mobile&quot;:&quot;&quot;,&quot;jet_parallax_layout_animation_prop&quot;:&quot;transform&quot;,&quot;jet_parallax_layout_on&quot;:[&quot;desktop&quot;,&quot;tablet&quot;]}]}\">\n\t\t\t\t\t\t<div class=\"elementor-container elementor-column-gap-default\">\n\t\t\t\t\t<div class=\"elementor-column elementor-col-100 elementor-top-column elementor-element elementor-element-a7370d8\" data-id=\"a7370d8\" data-element_type=\"column\" data-e-type=\"column\">\n\t\t\t<div class=\"elementor-widget-wrap elementor-element-populated\">\n\t\t\t\t\t\t<div class=\"elementor-element elementor-element-2260c30 elementor-widget elementor-widget-video\" data-id=\"2260c30\" data-element_type=\"widget\" data-e-type=\"widget\" data-settings=\"{&quot;video_type&quot;:&quot;hosted&quot;,&quot;autoplay&quot;:&quot;yes&quot;,&quot;play_on_mobile&quot;:&quot;yes&quot;,&quot;mute&quot;:&quot;yes&quot;,&quot;loop&quot;:&quot;yes&quot;}\" data-widget_type=\"video.default\">\n\t\t\t\t<div class=\"elementor-widget-container\">\n\t\t\t\t\t\t\t<div class=\"e-hosted-video elementor-wrapper elementor-open-inline\">\n\t\t\t\t\t<video class=\"elementor-video\" src=\"https:\/\/kirigami.si\/wp-content\/uploads\/2021\/11\/muce_roza-1.mp4\" autoplay=\"\" loop=\"\" muted=\"muted\" playsinline=\"\" controlsList=\"nodownload\"><\/video>\n\t\t\t\t<\/div>\n\t\t\t\t\t\t<\/div>\n\t\t\t\t<\/div>\n\t\t\t\t\t<\/div>\n\t\t<\/div>\n\t\t\t\t\t<\/div>\n\t\t<\/section>\n\t\t\t\t<\/div>\n\t\t","protected":false},"excerpt":{"rendered":"<p>Velikost vo\u0161\u010dilnice: 13,5 x 18,5cm<\/p>\n<p>Prijateljstvo, vo\u0161\u010dilo<\/p>","protected":false},"featured_media":3037,"template":"","meta":{"_monsterinsights_skip_tracking":false,"_monsterinsights_sitenote_active":false,"_monsterinsights_sitenote_note":"","_monsterinsights_sitenote_category":0,"ocean_post_layout":"","ocean_both_sidebars_style":"","ocean_both_sidebars_content_width":0,"ocean_both_sidebars_sidebars_width":0,"ocean_sidebar":"0","ocean_second_sidebar":"0","ocean_disable_margins":"enable","ocean_add_body_class":"","ocean_shortcode_before_top_bar":"","ocean_shortcode_after_top_bar":"","ocean_shortcode_before_header":"","ocean_shortcode_after_header":"","ocean_has_shortcode":"","ocean_shortcode_after_title":"","ocean_shortcode_before_footer_widgets":"","ocean_shortcode_after_footer_widgets":"","ocean_shortcode_before_footer_bottom":"","ocean_shortcode_after_footer_bottom":"","ocean_display_top_bar":"default","ocean_display_header":"default","ocean_header_style":"","ocean_center_header_left_menu":"0","ocean_custom_header_template":"0","ocean_custom_logo":0,"ocean_custom_retina_logo":0,"ocean_custom_logo_max_width":0,"ocean_custom_logo_tablet_max_width":0,"ocean_custom_logo_mobile_max_width":0,"ocean_custom_logo_max_height":0,"ocean_custom_logo_tablet_max_height":0,"ocean_custom_logo_mobile_max_height":0,"ocean_header_custom_menu":"0","ocean_menu_typo_font_family":"0","ocean_menu_typo_font_subset":"","ocean_menu_typo_font_size":0,"ocean_menu_typo_font_size_tablet":0,"ocean_menu_typo_font_size_mobile":0,"ocean_menu_typo_font_size_unit":"px","ocean_menu_typo_font_weight":"","ocean_menu_typo_font_weight_tablet":"","ocean_menu_typo_font_weight_mobile":"","ocean_menu_typo_transform":"","ocean_menu_typo_transform_tablet":"","ocean_menu_typo_transform_mobile":"","ocean_menu_typo_line_height":0,"ocean_menu_typo_line_height_tablet":0,"ocean_menu_typo_line_height_mobile":0,"ocean_menu_typo_line_height_unit":"","ocean_menu_typo_spacing":0,"ocean_menu_typo_spacing_tablet":0,"ocean_menu_typo_spacing_mobile":0,"ocean_menu_typo_spacing_unit":"","ocean_menu_link_color":"","ocean_menu_link_color_hover":"","ocean_menu_link_color_active":"","ocean_menu_link_background":"","ocean_menu_link_hover_background":"","ocean_menu_link_active_background":"","ocean_menu_social_links_bg":"","ocean_menu_social_hover_links_bg":"","ocean_menu_social_links_color":"","ocean_menu_social_hover_links_color":"","ocean_disable_title":"default","ocean_disable_heading":"default","ocean_post_title":"","ocean_post_subheading":"","ocean_post_title_style":"","ocean_post_title_background_color":"","ocean_post_title_background":0,"ocean_post_title_bg_image_position":"","ocean_post_title_bg_image_attachment":"","ocean_post_title_bg_image_repeat":"","ocean_post_title_bg_image_size":"","ocean_post_title_height":0,"ocean_post_title_bg_overlay":0.5,"ocean_post_title_bg_overlay_color":"","ocean_disable_breadcrumbs":"default","ocean_breadcrumbs_color":"","ocean_breadcrumbs_separator_color":"","ocean_breadcrumbs_links_color":"","ocean_breadcrumbs_links_hover_color":"","ocean_display_footer_widgets":"default","ocean_display_footer_bottom":"default","ocean_custom_footer_template":"0"},"product_brand":[],"product_cat":[20,22,27,30,55,60,36,37],"product_tag":[164,345,182,217,297,309,325,169,51],"class_list":{"0":"post-2908","1":"product","2":"type-product","3":"status-publish","4":"has-post-thumbnail","6":"product_cat-dan-zena","7":"product_cat-materinski-dan","8":"product_cat-prijateljske","9":"product_cat-rojstnodnevne","10":"product_cat-vabilo","11":"product_cat-voscila","12":"product_cat-vse","13":"product_cat-zahvalne","14":"product_tag-druzina","15":"product_tag-kavc","16":"product_tag-macka","17":"product_tag-macke","18":"product_tag-modra","19":"product_tag-roza","20":"product_tag-veselje","21":"product_tag-voscilo","22":"product_tag-zivali","24":"entry","25":"has-media","27":"first","28":"instock","29":"shipping-taxable","30":"purchasable","31":"product-type-simple","32":"has-product-nav","33":"col","34":"span_1_of_3","35":"owp-content-center","36":"owp-thumbs-layout-horizontal","37":"owp-btn-normal","38":"owp-tabs-layout-horizontal","39":"has-no-thumbnails"},"yoast_head":"<!-- This site is optimized with the Yoast SEO plugin v27.5 - https:\/\/yoast.com\/product\/yoast-seo-wordpress\/ -->\n<title>MUCE IN PES roza - Kirigami<\/title>\n<meta name=\"description\" content=\"Muce in pes na kav\u010du. Dru\u017einska idila primerna za darilo 3D \u010destitke slavljencu, ki ima rad\/a ma\u010dke in pse.\" \/>\n<meta name=\"robots\" content=\"index, follow, max-snippet:-1, max-image-preview:large, max-video-preview:-1\" \/>\n<link rel=\"canonical\" href=\"https:\/\/kirigami.si\/en\/product\/muce-in-pes\/\" \/>\n<meta property=\"og:locale\" content=\"en_GB\" \/>\n<meta property=\"og:type\" content=\"article\" \/>\n<meta property=\"og:title\" content=\"MUCE IN PES roza - Kirigami\" \/>\n<meta property=\"og:description\" content=\"Muce in pes na kav\u010du. Dru\u017einska idila primerna za darilo 3D \u010destitke slavljencu, ki ima rad\/a ma\u010dke in pse.\" \/>\n<meta property=\"og:url\" content=\"https:\/\/kirigami.si\/en\/product\/muce-in-pes\/\" \/>\n<meta property=\"og:site_name\" content=\"Kirigami\" \/>\n<meta property=\"article:modified_time\" content=\"2025-10-09T19:04:18+00:00\" \/>\n<meta property=\"og:image\" content=\"https:\/\/kirigami.si\/wp-content\/uploads\/2021\/11\/muce-pink.jpg\" \/>\n\t<meta property=\"og:image:width\" content=\"800\" \/>\n\t<meta property=\"og:image:height\" content=\"800\" \/>\n\t<meta property=\"og:image:type\" content=\"image\/jpeg\" \/>\n<meta name=\"twitter:card\" content=\"summary_large_image\" \/>\n<script type=\"application\/ld+json\" class=\"yoast-schema-graph\">{\"@context\":\"https:\\\/\\\/schema.org\",\"@graph\":[{\"@type\":\"WebPage\",\"@id\":\"https:\\\/\\\/kirigami.si\\\/izdelek\\\/muce-in-pes\\\/\",\"url\":\"https:\\\/\\\/kirigami.si\\\/izdelek\\\/muce-in-pes\\\/\",\"name\":\"MUCE IN PES roza - Kirigami\",\"isPartOf\":{\"@id\":\"https:\\\/\\\/kirigami.si\\\/#website\"},\"primaryImageOfPage\":{\"@id\":\"https:\\\/\\\/kirigami.si\\\/izdelek\\\/muce-in-pes\\\/#primaryimage\"},\"image\":{\"@id\":\"https:\\\/\\\/kirigami.si\\\/izdelek\\\/muce-in-pes\\\/#primaryimage\"},\"thumbnailUrl\":\"https:\\\/\\\/kirigami.si\\\/wp-content\\\/uploads\\\/2021\\\/11\\\/muce-pink.jpg\",\"datePublished\":\"2021-11-21T11:01:22+00:00\",\"dateModified\":\"2025-10-09T19:04:18+00:00\",\"description\":\"Muce in pes na kav\u010du. Dru\u017einska idila primerna za darilo 3D \u010destitke slavljencu, ki ima rad\\\/a ma\u010dke in pse.\",\"breadcrumb\":{\"@id\":\"https:\\\/\\\/kirigami.si\\\/izdelek\\\/muce-in-pes\\\/#breadcrumb\"},\"inLanguage\":\"en-GB\",\"potentialAction\":[{\"@type\":\"ReadAction\",\"target\":[\"https:\\\/\\\/kirigami.si\\\/izdelek\\\/muce-in-pes\\\/\"]}]},{\"@type\":\"ImageObject\",\"inLanguage\":\"en-GB\",\"@id\":\"https:\\\/\\\/kirigami.si\\\/izdelek\\\/muce-in-pes\\\/#primaryimage\",\"url\":\"https:\\\/\\\/kirigami.si\\\/wp-content\\\/uploads\\\/2021\\\/11\\\/muce-pink.jpg\",\"contentUrl\":\"https:\\\/\\\/kirigami.si\\\/wp-content\\\/uploads\\\/2021\\\/11\\\/muce-pink.jpg\",\"width\":800,\"height\":800},{\"@type\":\"BreadcrumbList\",\"@id\":\"https:\\\/\\\/kirigami.si\\\/izdelek\\\/muce-in-pes\\\/#breadcrumb\",\"itemListElement\":[{\"@type\":\"ListItem\",\"position\":1,\"name\":\"Home\",\"item\":\"https:\\\/\\\/kirigami.si\\\/\"},{\"@type\":\"ListItem\",\"position\":2,\"name\":\"Trgovina\",\"item\":\"https:\\\/\\\/kirigami.si\\\/en\\\/trgovina\\\/\"},{\"@type\":\"ListItem\",\"position\":3,\"name\":\"MUCE IN PES roza\"}]},{\"@type\":\"WebSite\",\"@id\":\"https:\\\/\\\/kirigami.si\\\/#website\",\"url\":\"https:\\\/\\\/kirigami.si\\\/\",\"name\":\"Kirigami\",\"description\":\"3d pop-up vo\u0161\u010dilnice\",\"publisher\":{\"@id\":\"https:\\\/\\\/kirigami.si\\\/#organization\"},\"potentialAction\":[{\"@type\":\"SearchAction\",\"target\":{\"@type\":\"EntryPoint\",\"urlTemplate\":\"https:\\\/\\\/kirigami.si\\\/?s={search_term_string}\"},\"query-input\":{\"@type\":\"PropertyValueSpecification\",\"valueRequired\":true,\"valueName\":\"search_term_string\"}}],\"inLanguage\":\"en-GB\"},{\"@type\":\"Organization\",\"@id\":\"https:\\\/\\\/kirigami.si\\\/#organization\",\"name\":\"Kirigami\",\"url\":\"https:\\\/\\\/kirigami.si\\\/\",\"logo\":{\"@type\":\"ImageObject\",\"inLanguage\":\"en-GB\",\"@id\":\"https:\\\/\\\/kirigami.si\\\/#\\\/schema\\\/logo\\\/image\\\/\",\"url\":\"https:\\\/\\\/kirigami.si\\\/wp-content\\\/uploads\\\/2020\\\/08\\\/Kirigami.si-150.png\",\"contentUrl\":\"https:\\\/\\\/kirigami.si\\\/wp-content\\\/uploads\\\/2020\\\/08\\\/Kirigami.si-150.png\",\"width\":150,\"height\":47,\"caption\":\"Kirigami\"},\"image\":{\"@id\":\"https:\\\/\\\/kirigami.si\\\/#\\\/schema\\\/logo\\\/image\\\/\"}}]}<\/script>\n<!-- \/ Yoast SEO plugin. -->","yoast_head_json":{"title":"MUCE IN PES roza - Kirigami","description":"Muce in pes na kav\u010du. Dru\u017einska idila primerna za darilo 3D \u010destitke slavljencu, ki ima rad\/a ma\u010dke in pse.","robots":{"index":"index","follow":"follow","max-snippet":"max-snippet:-1","max-image-preview":"max-image-preview:large","max-video-preview":"max-video-preview:-1"},"canonical":"https:\/\/kirigami.si\/en\/product\/muce-in-pes\/","og_locale":"en_GB","og_type":"article","og_title":"MUCE IN PES roza - Kirigami","og_description":"Muce in pes na kav\u010du. Dru\u017einska idila primerna za darilo 3D \u010destitke slavljencu, ki ima rad\/a ma\u010dke in pse.","og_url":"https:\/\/kirigami.si\/en\/product\/muce-in-pes\/","og_site_name":"Kirigami","article_modified_time":"2025-10-09T19:04:18+00:00","og_image":[{"width":800,"height":800,"url":"https:\/\/kirigami.si\/wp-content\/uploads\/2021\/11\/muce-pink.jpg","type":"image\/jpeg"}],"twitter_card":"summary_large_image","schema":{"@context":"https:\/\/schema.org","@graph":[{"@type":"WebPage","@id":"https:\/\/kirigami.si\/izdelek\/muce-in-pes\/","url":"https:\/\/kirigami.si\/izdelek\/muce-in-pes\/","name":"MUCE IN PES roza - Kirigami","isPartOf":{"@id":"https:\/\/kirigami.si\/#website"},"primaryImageOfPage":{"@id":"https:\/\/kirigami.si\/izdelek\/muce-in-pes\/#primaryimage"},"image":{"@id":"https:\/\/kirigami.si\/izdelek\/muce-in-pes\/#primaryimage"},"thumbnailUrl":"https:\/\/kirigami.si\/wp-content\/uploads\/2021\/11\/muce-pink.jpg","datePublished":"2021-11-21T11:01:22+00:00","dateModified":"2025-10-09T19:04:18+00:00","description":"Muce in pes na kav\u010du. Dru\u017einska idila primerna za darilo 3D \u010destitke slavljencu, ki ima rad\/a ma\u010dke in pse.","breadcrumb":{"@id":"https:\/\/kirigami.si\/izdelek\/muce-in-pes\/#breadcrumb"},"inLanguage":"en-GB","potentialAction":[{"@type":"ReadAction","target":["https:\/\/kirigami.si\/izdelek\/muce-in-pes\/"]}]},{"@type":"ImageObject","inLanguage":"en-GB","@id":"https:\/\/kirigami.si\/izdelek\/muce-in-pes\/#primaryimage","url":"https:\/\/kirigami.si\/wp-content\/uploads\/2021\/11\/muce-pink.jpg","contentUrl":"https:\/\/kirigami.si\/wp-content\/uploads\/2021\/11\/muce-pink.jpg","width":800,"height":800},{"@type":"BreadcrumbList","@id":"https:\/\/kirigami.si\/izdelek\/muce-in-pes\/#breadcrumb","itemListElement":[{"@type":"ListItem","position":1,"name":"Home","item":"https:\/\/kirigami.si\/"},{"@type":"ListItem","position":2,"name":"Trgovina","item":"https:\/\/kirigami.si\/en\/trgovina\/"},{"@type":"ListItem","position":3,"name":"MUCE IN PES roza"}]},{"@type":"WebSite","@id":"https:\/\/kirigami.si\/#website","url":"https:\/\/kirigami.si\/","name":"Kirigami","description":"3d pop-up vo\u0161\u010dilnice","publisher":{"@id":"https:\/\/kirigami.si\/#organization"},"potentialAction":[{"@type":"SearchAction","target":{"@type":"EntryPoint","urlTemplate":"https:\/\/kirigami.si\/?s={search_term_string}"},"query-input":{"@type":"PropertyValueSpecification","valueRequired":true,"valueName":"search_term_string"}}],"inLanguage":"en-GB"},{"@type":"Organization","@id":"https:\/\/kirigami.si\/#organization","name":"Kirigami","url":"https:\/\/kirigami.si\/","logo":{"@type":"ImageObject","inLanguage":"en-GB","@id":"https:\/\/kirigami.si\/#\/schema\/logo\/image\/","url":"https:\/\/kirigami.si\/wp-content\/uploads\/2020\/08\/Kirigami.si-150.png","contentUrl":"https:\/\/kirigami.si\/wp-content\/uploads\/2020\/08\/Kirigami.si-150.png","width":150,"height":47,"caption":"Kirigami"},"image":{"@id":"https:\/\/kirigami.si\/#\/schema\/logo\/image\/"}}]}},"_links":{"self":[{"href":"https:\/\/kirigami.si\/en\/wp-json\/wp\/v2\/product\/2908","targetHints":{"allow":["GET"]}}],"collection":[{"href":"https:\/\/kirigami.si\/en\/wp-json\/wp\/v2\/product"}],"about":[{"href":"https:\/\/kirigami.si\/en\/wp-json\/wp\/v2\/types\/product"}],"version-history":[{"count":0,"href":"https:\/\/kirigami.si\/en\/wp-json\/wp\/v2\/product\/2908\/revisions"}],"wp:featuredmedia":[{"embeddable":true,"href":"https:\/\/kirigami.si\/en\/wp-json\/wp\/v2\/media\/3037"}],"wp:attachment":[{"href":"https:\/\/kirigami.si\/en\/wp-json\/wp\/v2\/media?parent=2908"}],"wp:term":[{"taxonomy":"product_brand","embeddable":true,"href":"https:\/\/kirigami.si\/en\/wp-json\/wp\/v2\/product_brand?post=2908"},{"taxonomy":"product_cat","embeddable":true,"href":"https:\/\/kirigami.si\/en\/wp-json\/wp\/v2\/product_cat?post=2908"},{"taxonomy":"product_tag","embeddable":true,"href":"https:\/\/kirigami.si\/en\/wp-json\/wp\/v2\/product_tag?post=2908"}],"curies":[{"name":"wp","href":"https:\/\/api.w.org\/{rel}","templated":true}]}}