{"id":628,"date":"2020-08-12T12:24:11","date_gmt":"2020-08-12T10:24:11","guid":{"rendered":"https:\/\/kirigami.si\/?page_id=628"},"modified":"2025-09-30T14:02:45","modified_gmt":"2025-09-30T12:02:45","slug":"veleprodaja","status":"publish","type":"page","link":"https:\/\/kirigami.si\/en\/veleprodaja\/","title":{"rendered":"Wholesale"},"content":{"rendered":"\t\t<div data-elementor-type=\"wp-page\" data-elementor-id=\"628\" class=\"elementor elementor-628\" data-elementor-post-type=\"page\">\n\t\t\t\t\t\t<section class=\"elementor-section elementor-top-section elementor-element elementor-element-65f97e8 elementor-section-boxed elementor-section-height-default elementor-section-height-default\" data-id=\"65f97e8\" data-element_type=\"section\" data-e-type=\"section\" data-settings=\"{&quot;jet_parallax_layout_list&quot;:[{&quot;jet_parallax_layout_image&quot;:{&quot;url&quot;:&quot;&quot;,&quot;id&quot;:&quot;&quot;,&quot;size&quot;:&quot;&quot;},&quot;_id&quot;:&quot;3c9de31&quot;,&quot;jet_parallax_layout_image_tablet&quot;:{&quot;url&quot;:&quot;&quot;,&quot;id&quot;:&quot;&quot;,&quot;size&quot;:&quot;&quot;},&quot;jet_parallax_layout_image_mobile&quot;:{&quot;url&quot;:&quot;&quot;,&quot;id&quot;:&quot;&quot;,&quot;size&quot;:&quot;&quot;},&quot;jet_parallax_layout_speed&quot;:{&quot;unit&quot;:&quot;%&quot;,&quot;size&quot;:50,&quot;sizes&quot;:[]},&quot;jet_parallax_layout_type&quot;:&quot;scroll&quot;,&quot;jet_parallax_layout_direction&quot;:&quot;1&quot;,&quot;jet_parallax_layout_fx_direction&quot;:null,&quot;jet_parallax_layout_z_index&quot;:&quot;&quot;,&quot;jet_parallax_layout_bg_x&quot;:50,&quot;jet_parallax_layout_bg_x_tablet&quot;:&quot;&quot;,&quot;jet_parallax_layout_bg_x_mobile&quot;:&quot;&quot;,&quot;jet_parallax_layout_bg_y&quot;:50,&quot;jet_parallax_layout_bg_y_tablet&quot;:&quot;&quot;,&quot;jet_parallax_layout_bg_y_mobile&quot;:&quot;&quot;,&quot;jet_parallax_layout_bg_size&quot;:&quot;auto&quot;,&quot;jet_parallax_layout_bg_size_tablet&quot;:&quot;&quot;,&quot;jet_parallax_layout_bg_size_mobile&quot;:&quot;&quot;,&quot;jet_parallax_layout_animation_prop&quot;:&quot;transform&quot;,&quot;jet_parallax_layout_on&quot;:[&quot;desktop&quot;,&quot;tablet&quot;]}]}\">\n\t\t\t\t\t\t<div class=\"elementor-container elementor-column-gap-default\">\n\t\t\t\t\t<div class=\"elementor-column elementor-col-100 elementor-top-column elementor-element elementor-element-268a56f\" data-id=\"268a56f\" data-element_type=\"column\" data-e-type=\"column\">\n\t\t\t<div class=\"elementor-widget-wrap elementor-element-populated\">\n\t\t\t\t\t\t<div class=\"elementor-element elementor-element-8e2ce7c elementor-widget elementor-widget-heading\" data-id=\"8e2ce7c\" data-element_type=\"widget\" data-e-type=\"widget\" data-widget_type=\"heading.default\">\n\t\t\t\t<div class=\"elementor-widget-container\">\n\t\t\t\t\t<h2 class=\"elementor-heading-title elementor-size-default\">Veleprodaja za podjetja in trgovine<\/h2>\t\t\t\t<\/div>\n\t\t\t\t<\/div>\n\t\t\t\t<div class=\"elementor-element elementor-element-7d719ca elementor-widget elementor-widget-text-editor\" data-id=\"7d719ca\" data-element_type=\"widget\" data-e-type=\"widget\" data-widget_type=\"text-editor.default\">\n\t\t\t\t<div class=\"elementor-widget-container\">\n\t\t\t\t\t\t\t\t\t<div dir=\"auto\"><div dir=\"auto\"><div dir=\"auto\"><p dir=\"ltr\"><strong>Izdelava prototipa novega dizajna<\/strong> traja 3\u20134 tedne, odvisno od tega, kolikokrat je treba popravljati motiv. Izdelava stane 250 do 300 \u20ac, odvisno od zahtevnosti izdelave motiva.<\/p><p dir=\"ltr\">Izdelava motiva po ceni, o kateri se dogovorimo na kos (5\u20136 \u20ac), nato traja 3\u20134 \u200b\u200bmesece, odvisno od zasedenosti laserja. <strong>Minimalna narocena koli\u010dina je 500 kosov.<\/strong><\/p><p dir=\"ltr\">\u010ce pa naro\u010dite in pla\u010date <strong>ve\u010d kot 500 kosov<\/strong>, se od cene naro\u010dila od\u0161teje 300 \u20ac za izdelavo dizajna.<\/p><\/div><\/div><\/div>\t\t\t\t\t\t\t\t<\/div>\n\t\t\t\t<\/div>\n\t\t\t\t<div class=\"elementor-element elementor-element-6d940e1 elementor-button-align-stretch elementor-widget elementor-widget-form\" data-id=\"6d940e1\" data-element_type=\"widget\" data-e-type=\"widget\" data-settings=\"{&quot;step_next_label&quot;:&quot;Next&quot;,&quot;step_previous_label&quot;:&quot;Previous&quot;,&quot;button_width&quot;:&quot;100&quot;,&quot;step_type&quot;:&quot;number_text&quot;,&quot;step_icon_shape&quot;:&quot;circle&quot;}\" data-widget_type=\"form.default\">\n\t\t\t\t<div class=\"elementor-widget-container\">\n\t\t\t\t\t\t\t<form class=\"elementor-form\" method=\"post\" name=\"New Form\" aria-label=\"New Form\">\n\t\t\t<input type=\"hidden\" name=\"post_id\" value=\"628\"\/>\n\t\t\t<input type=\"hidden\" name=\"form_id\" value=\"6d940e1\"\/>\n\t\t\t<input type=\"hidden\" name=\"referer_title\" value=\"Veleprodaja - Kirigami\" \/>\n\n\t\t\t\t\t\t\t<input type=\"hidden\" name=\"queried_id\" value=\"628\"\/>\n\t\t\t\n\t\t\t<div class=\"elementor-form-fields-wrapper elementor-labels-\">\n\t\t\t\t\t\t\t\t<div class=\"elementor-field-type-text elementor-field-group elementor-column elementor-field-group-name elementor-col-50 elementor-field-required\">\n\t\t\t\t\t\t\t\t\t\t\t\t<label for=\"form-field-name\" class=\"elementor-field-label elementor-screen-only\">\n\t\t\t\t\t\t\t\tIme\t\t\t\t\t\t\t<\/label>\n\t\t\t\t\t\t\t\t\t\t\t\t\t\t<input size=\"1\" type=\"text\" name=\"form_fields[name]\" id=\"form-field-name\" class=\"elementor-field elementor-size-sm  elementor-field-textual\" placeholder=\"Ime*\" required=\"required\">\n\t\t\t\t\t\t\t\t\t\t\t<\/div>\n\t\t\t\t\t\t\t\t<div class=\"elementor-field-type-text elementor-field-group elementor-column elementor-field-group-priimek elementor-col-50 elementor-field-required\">\n\t\t\t\t\t\t\t\t\t\t\t\t<label for=\"form-field-priimek\" class=\"elementor-field-label elementor-screen-only\">\n\t\t\t\t\t\t\t\tPriimek\t\t\t\t\t\t\t<\/label>\n\t\t\t\t\t\t\t\t\t\t\t\t\t\t<input size=\"1\" type=\"text\" name=\"form_fields[priimek]\" id=\"form-field-priimek\" class=\"elementor-field elementor-size-sm  elementor-field-textual\" placeholder=\"Priimek*\" required=\"required\">\n\t\t\t\t\t\t\t\t\t\t\t<\/div>\n\t\t\t\t\t\t\t\t<div class=\"elementor-field-type-email elementor-field-group elementor-column elementor-field-group-email elementor-col-50 elementor-field-required\">\n\t\t\t\t\t\t\t\t\t\t\t\t<label for=\"form-field-email\" class=\"elementor-field-label elementor-screen-only\">\n\t\t\t\t\t\t\t\tE-naslov\t\t\t\t\t\t\t<\/label>\n\t\t\t\t\t\t\t\t\t\t\t\t\t\t<input size=\"1\" type=\"email\" name=\"form_fields[email]\" id=\"form-field-email\" class=\"elementor-field elementor-size-sm  elementor-field-textual\" placeholder=\"E-naslov*\" required=\"required\">\n\t\t\t\t\t\t\t\t\t\t\t<\/div>\n\t\t\t\t\t\t\t\t<div class=\"elementor-field-type-tel elementor-field-group elementor-column elementor-field-group-tel elementor-col-50 elementor-field-required\">\n\t\t\t\t\t\t\t\t\t\t\t\t<label for=\"form-field-tel\" class=\"elementor-field-label elementor-screen-only\">\n\t\t\t\t\t\t\t\tTelefonska \u0161t.\t\t\t\t\t\t\t<\/label>\n\t\t\t\t\t\t\t\t<input size=\"1\" type=\"tel\" name=\"form_fields[tel]\" id=\"form-field-tel\" class=\"elementor-field elementor-size-sm  elementor-field-textual\" placeholder=\"Telefonska \u0161t.*\" required=\"required\" pattern=\"[0-9()#&amp;+*-=.]+\" title=\"Phone No. with country code*\">\n\n\t\t\t\t\t\t<\/div>\n\t\t\t\t\t\t\t\t<div class=\"elementor-field-type-text elementor-field-group elementor-column elementor-field-group-podjetje elementor-col-50 elementor-field-required\">\n\t\t\t\t\t\t\t\t\t\t\t\t<label for=\"form-field-podjetje\" class=\"elementor-field-label elementor-screen-only\">\n\t\t\t\t\t\t\t\tNaziv podjetja\t\t\t\t\t\t\t<\/label>\n\t\t\t\t\t\t\t\t\t\t\t\t\t\t<input size=\"1\" type=\"text\" name=\"form_fields[podjetje]\" id=\"form-field-podjetje\" class=\"elementor-field elementor-size-sm  elementor-field-textual\" placeholder=\"Naziv podjetja*\" required=\"required\">\n\t\t\t\t\t\t\t\t\t\t\t<\/div>\n\t\t\t\t\t\t\t\t<div class=\"elementor-field-type-text elementor-field-group elementor-column elementor-field-group-ddv elementor-col-50\">\n\t\t\t\t\t\t\t\t\t\t\t\t<label for=\"form-field-ddv\" class=\"elementor-field-label elementor-screen-only\">\n\t\t\t\t\t\t\t\tID za DDV\t\t\t\t\t\t\t<\/label>\n\t\t\t\t\t\t\t\t\t\t\t\t\t\t<input size=\"1\" type=\"text\" name=\"form_fields[ddv]\" id=\"form-field-ddv\" class=\"elementor-field elementor-size-sm  elementor-field-textual\" placeholder=\"ID za DDV\">\n\t\t\t\t\t\t\t\t\t\t\t<\/div>\n\t\t\t\t\t\t\t\t<div class=\"elementor-field-type-text elementor-field-group elementor-column elementor-field-group-naslov elementor-col-50 elementor-field-required\">\n\t\t\t\t\t\t\t\t\t\t\t\t<label for=\"form-field-naslov\" class=\"elementor-field-label elementor-screen-only\">\n\t\t\t\t\t\t\t\tNaslov\t\t\t\t\t\t\t<\/label>\n\t\t\t\t\t\t\t\t\t\t\t\t\t\t<input size=\"1\" type=\"text\" name=\"form_fields[naslov]\" id=\"form-field-naslov\" class=\"elementor-field elementor-size-sm  elementor-field-textual\" placeholder=\"Naslov podjetja*\" required=\"required\">\n\t\t\t\t\t\t\t\t\t\t\t<\/div>\n\t\t\t\t\t\t\t\t<div class=\"elementor-field-type-number elementor-field-group elementor-column elementor-field-group-hisna elementor-col-50 elementor-field-required\">\n\t\t\t\t\t\t\t\t\t\t\t\t<label for=\"form-field-hisna\" class=\"elementor-field-label elementor-screen-only\">\n\t\t\t\t\t\t\t\tHi\u0161na \u0161tevilka\t\t\t\t\t\t\t<\/label>\n\t\t\t\t\t\t\t\t\t<input type=\"number\" name=\"form_fields[hisna]\" id=\"form-field-hisna\" class=\"elementor-field elementor-size-sm  elementor-field-textual\" placeholder=\"Hi\u0161na \u0161tevilka*\" required=\"required\" min=\"\" max=\"\" >\n\t\t\t\t\t\t<\/div>\n\t\t\t\t\t\t\t\t<div class=\"elementor-field-type-text elementor-field-group elementor-column elementor-field-group-posta elementor-col-50 elementor-field-required\">\n\t\t\t\t\t\t\t\t\t\t\t\t<label for=\"form-field-posta\" class=\"elementor-field-label elementor-screen-only\">\n\t\t\t\t\t\t\t\tPo\u0161ta\t\t\t\t\t\t\t<\/label>\n\t\t\t\t\t\t\t\t\t\t\t\t\t\t<input size=\"1\" type=\"text\" name=\"form_fields[posta]\" id=\"form-field-posta\" class=\"elementor-field elementor-size-sm  elementor-field-textual\" placeholder=\"Po\u0161ta*\" required=\"required\">\n\t\t\t\t\t\t\t\t\t\t\t<\/div>\n\t\t\t\t\t\t\t\t<div class=\"elementor-field-type-number elementor-field-group elementor-column elementor-field-group-pst elementor-col-50 elementor-field-required\">\n\t\t\t\t\t\t\t\t\t\t\t\t<label for=\"form-field-pst\" class=\"elementor-field-label elementor-screen-only\">\n\t\t\t\t\t\t\t\tPo\u0161tna \u0161tevilka\t\t\t\t\t\t\t<\/label>\n\t\t\t\t\t\t\t\t\t<input type=\"number\" name=\"form_fields[pst]\" id=\"form-field-pst\" class=\"elementor-field elementor-size-sm  elementor-field-textual\" placeholder=\"Po\u0161tna \u0161t.*\" required=\"required\" min=\"4\" max=\"\" >\n\t\t\t\t\t\t<\/div>\n\t\t\t\t\t\t\t\t<div class=\"elementor-field-type-html elementor-field-group elementor-column elementor-field-group-field_fae8cda elementor-col-100\">\n\t\t\t\t\t&nbsp;\n\n<hr \/>\n\n&nbsp;\t\t\t\t<\/div>\n\t\t\t\t\t\t\t\t<div class=\"elementor-field-type-html elementor-field-group elementor-column elementor-field-group-field_575f45d elementor-col-100\">\n\t\t\t\t\t<h3 style=\"text-align: center;\">Izbira vo\u0161\u010dilnice po veleprodajni ceni<\/h3>\n<p style=\"text-align: center;\">\t\t\t\t<\/div>\n\t\t\t\t\t\t\t\t<div class=\"elementor-field-type-html elementor-field-group elementor-column elementor-field-group-field_0df71b9 elementor-col-100\">\n\t\t\t\t\t<p style=\"text-align: center;\">V spodnjem okencu ro\u010dno vpi\u0161ite, kateri tip vo\u0161\u010dilnice \u017eelite (SKU \/ referen\u010dna \u0161tevilka) in koli\u010dino. <br>Minimalno naro\u010dilo je 100 kom.<\/p>\n<p style=\"text-align: center;\">\t\t\t\t<\/div>\n\t\t\t\t\t\t\t\t<div class=\"elementor-field-type-textarea elementor-field-group elementor-column elementor-field-group-message elementor-col-100\">\n\t\t\t\t\t\t\t\t\t\t\t\t<label for=\"form-field-message\" class=\"elementor-field-label elementor-screen-only\">\n\t\t\t\t\t\t\t\tOpombe\t\t\t\t\t\t\t<\/label>\n\t\t\t\t\t\t<textarea class=\"elementor-field-textual elementor-field  elementor-size-sm\" name=\"form_fields[message]\" id=\"form-field-message\" rows=\"2\" placeholder=\"Ro\u010dno vpi\u0161ite tip vo\u0161\u010dilnice (SKU \/ referen\u010dna \u0161tevilka), koli\u010dino in opombe. \"><\/textarea>\t\t\t\t<\/div>\n\t\t\t\t\t\t\t\t<div class=\"elementor-field-type-acceptance elementor-field-group elementor-column elementor-field-group-field_a601874 elementor-col-100 elementor-field-required\">\n\t\t\t\t\t\t\t<div class=\"elementor-field-subgroup\">\n\t\t\t<span class=\"elementor-field-option\">\n\t\t\t\t<input type=\"checkbox\" name=\"form_fields[field_a601874]\" id=\"form-field-field_a601874\" class=\"elementor-field elementor-size-sm  elementor-acceptance-field\" required=\"required\" checked=\"checked\">\n\t\t\t\t<label for=\"form-field-field_a601874\">Z oddajo tega obrazca ste seznanjeni s Pogoji poslovanja, zasebnostjo in pi\u0161kotki.<\/label>\t\t\t<\/span>\n\t\t<\/div>\n\t\t\t\t\t\t<\/div>\n\t\t\t\t\t\t\t\t<div class=\"elementor-field-type-recaptcha elementor-field-group elementor-column elementor-field-group-field_5b42f5c elementor-col-100\">\n\t\t\t\t\t<div class=\"elementor-field\" id=\"form-field-field_5b42f5c\"><div class=\"elementor-g-recaptcha\" data-sitekey=\"6LdCOfEcAAAAAD6Q5yVGT_wHCnM33toiZr2fOFaC\" data-type=\"v2_checkbox\" data-theme=\"light\" data-size=\"normal\"><\/div><\/div>\t\t\t\t<\/div>\n\t\t\t\t\t\t\t\t<div class=\"elementor-field-group elementor-column elementor-field-type-submit elementor-col-100 e-form__buttons\">\n\t\t\t\t\t<button class=\"elementor-button elementor-size-lg\" type=\"submit\">\n\t\t\t\t\t\t<span class=\"elementor-button-content-wrapper\">\n\t\t\t\t\t\t\t\t\t\t\t\t\t\t\t\t\t\t\t\t\t\t<span class=\"elementor-button-text\">Po\u0161ljite povpra\u0161evanje<\/span>\n\t\t\t\t\t\t\t\t\t\t\t\t\t<\/span>\n\t\t\t\t\t<\/button>\n\t\t\t\t<\/div>\n\t\t\t<\/div>\n\t\t<\/form>\n\t\t\t\t\t\t<\/div>\n\t\t\t\t<\/div>\n\t\t\t\t\t<\/div>\n\t\t<\/div>\n\t\t\t\t\t<\/div>\n\t\t<\/section>\n\t\t\t\t<\/div>\n\t\t","protected":false},"excerpt":{"rendered":"<p>Veleprodaja za podjetja in trgovine Izdelava prototipa novega dizajna traja 3\u20134 tedne, odvisno od tega, kolikokrat je treba popravljati motiv. Izdelava stane 250 do 300 \u20ac, odvisno od zahtevnosti izdelave motiva. Izdelava motiva po ceni, o kateri se dogovorimo na kos (5\u20136 \u20ac), nato traja 3\u20134 \u200b\u200bmesece, odvisno od zasedenosti laserja. Minimalna narocena koli\u010dina je [&hellip;]<\/p>\n","protected":false},"author":1,"featured_media":0,"parent":0,"menu_order":0,"comment_status":"closed","ping_status":"closed","template":"","meta":{"_monsterinsights_skip_tracking":false,"_monsterinsights_sitenote_active":false,"_monsterinsights_sitenote_note":"","_monsterinsights_sitenote_category":0,"ocean_post_layout":"","ocean_both_sidebars_style":"","ocean_both_sidebars_content_width":0,"ocean_both_sidebars_sidebars_width":0,"ocean_sidebar":"0","ocean_second_sidebar":"0","ocean_disable_margins":"enable","ocean_add_body_class":"","ocean_shortcode_before_top_bar":"","ocean_shortcode_after_top_bar":"","ocean_shortcode_before_header":"","ocean_shortcode_after_header":"","ocean_has_shortcode":"","ocean_shortcode_after_title":"","ocean_shortcode_before_footer_widgets":"","ocean_shortcode_after_footer_widgets":"","ocean_shortcode_before_footer_bottom":"","ocean_shortcode_after_footer_bottom":"","ocean_display_top_bar":"default","ocean_display_header":"default","ocean_header_style":"","ocean_center_header_left_menu":"0","ocean_custom_header_template":"0","ocean_custom_logo":0,"ocean_custom_retina_logo":0,"ocean_custom_logo_max_width":0,"ocean_custom_logo_tablet_max_width":0,"ocean_custom_logo_mobile_max_width":0,"ocean_custom_logo_max_height":0,"ocean_custom_logo_tablet_max_height":0,"ocean_custom_logo_mobile_max_height":0,"ocean_header_custom_menu":"0","ocean_menu_typo_font_family":"0","ocean_menu_typo_font_subset":"","ocean_menu_typo_font_size":0,"ocean_menu_typo_font_size_tablet":0,"ocean_menu_typo_font_size_mobile":0,"ocean_menu_typo_font_size_unit":"px","ocean_menu_typo_font_weight":"","ocean_menu_typo_font_weight_tablet":"","ocean_menu_typo_font_weight_mobile":"","ocean_menu_typo_transform":"","ocean_menu_typo_transform_tablet":"","ocean_menu_typo_transform_mobile":"","ocean_menu_typo_line_height":0,"ocean_menu_typo_line_height_tablet":0,"ocean_menu_typo_line_height_mobile":0,"ocean_menu_typo_line_height_unit":"","ocean_menu_typo_spacing":0,"ocean_menu_typo_spacing_tablet":0,"ocean_menu_typo_spacing_mobile":0,"ocean_menu_typo_spacing_unit":"","ocean_menu_link_color":"","ocean_menu_link_color_hover":"","ocean_menu_link_color_active":"","ocean_menu_link_background":"","ocean_menu_link_hover_background":"","ocean_menu_link_active_background":"","ocean_menu_social_links_bg":"","ocean_menu_social_hover_links_bg":"","ocean_menu_social_links_color":"","ocean_menu_social_hover_links_color":"","ocean_disable_title":"default","ocean_disable_heading":"default","ocean_post_title":"","ocean_post_subheading":"","ocean_post_title_style":"","ocean_post_title_background_color":"","ocean_post_title_background":0,"ocean_post_title_bg_image_position":"","ocean_post_title_bg_image_attachment":"","ocean_post_title_bg_image_repeat":"","ocean_post_title_bg_image_size":"","ocean_post_title_height":0,"ocean_post_title_bg_overlay":0.5,"ocean_post_title_bg_overlay_color":"","ocean_disable_breadcrumbs":"default","ocean_breadcrumbs_color":"","ocean_breadcrumbs_separator_color":"","ocean_breadcrumbs_links_color":"","ocean_breadcrumbs_links_hover_color":"","ocean_display_footer_widgets":"default","ocean_display_footer_bottom":"default","ocean_custom_footer_template":"0","footnotes":""},"class_list":["post-628","page","type-page","status-publish","hentry","entry","owp-thumbs-layout-horizontal","owp-btn-normal","owp-tabs-layout-horizontal","has-no-thumbnails","has-product-nav"],"yoast_head":"<!-- This site is optimized with the Yoast SEO plugin v27.6 - https:\/\/yoast.com\/product\/yoast-seo-wordpress\/ -->\n<title>Veleprodaja - Kirigami<\/title>\n<meta name=\"robots\" content=\"index, follow, max-snippet:-1, max-image-preview:large, max-video-preview:-1\" \/>\n<link rel=\"canonical\" href=\"https:\/\/kirigami.si\/en\/veleprodaja\/\" \/>\n<meta property=\"og:locale\" content=\"en_GB\" \/>\n<meta property=\"og:type\" content=\"article\" \/>\n<meta property=\"og:title\" content=\"Veleprodaja - Kirigami\" \/>\n<meta property=\"og:description\" content=\"Veleprodaja za podjetja in trgovine Izdelava prototipa novega dizajna traja 3\u20134 tedne, odvisno od tega, kolikokrat je treba popravljati motiv. Izdelava stane 250 do 300 \u20ac, odvisno od zahtevnosti izdelave motiva. Izdelava motiva po ceni, o kateri se dogovorimo na kos (5\u20136 \u20ac), nato traja 3\u20134 \u200b\u200bmesece, odvisno od zasedenosti laserja. Minimalna narocena koli\u010dina je [&hellip;]\" \/>\n<meta property=\"og:url\" content=\"https:\/\/kirigami.si\/en\/veleprodaja\/\" \/>\n<meta property=\"og:site_name\" content=\"Kirigami\" \/>\n<meta property=\"article:modified_time\" content=\"2025-09-30T12:02:45+00:00\" \/>\n<meta name=\"twitter:card\" content=\"summary_large_image\" \/>\n<meta name=\"twitter:label1\" content=\"Estimated reading time\" \/>\n\t<meta name=\"twitter:data1\" content=\"1 minute\" \/>\n<script type=\"application\/ld+json\" class=\"yoast-schema-graph\">{\"@context\":\"https:\\\/\\\/schema.org\",\"@graph\":[{\"@type\":\"WebPage\",\"@id\":\"https:\\\/\\\/kirigami.si\\\/veleprodaja\\\/\",\"url\":\"https:\\\/\\\/kirigami.si\\\/veleprodaja\\\/\",\"name\":\"Veleprodaja - Kirigami\",\"isPartOf\":{\"@id\":\"https:\\\/\\\/kirigami.si\\\/#website\"},\"datePublished\":\"2020-08-12T10:24:11+00:00\",\"dateModified\":\"2025-09-30T12:02:45+00:00\",\"breadcrumb\":{\"@id\":\"https:\\\/\\\/kirigami.si\\\/veleprodaja\\\/#breadcrumb\"},\"inLanguage\":\"en-GB\",\"potentialAction\":[{\"@type\":\"ReadAction\",\"target\":[\"https:\\\/\\\/kirigami.si\\\/veleprodaja\\\/\"]}]},{\"@type\":\"BreadcrumbList\",\"@id\":\"https:\\\/\\\/kirigami.si\\\/veleprodaja\\\/#breadcrumb\",\"itemListElement\":[{\"@type\":\"ListItem\",\"position\":1,\"name\":\"Home\",\"item\":\"https:\\\/\\\/kirigami.si\\\/\"},{\"@type\":\"ListItem\",\"position\":2,\"name\":\"Veleprodaja\"}]},{\"@type\":\"WebSite\",\"@id\":\"https:\\\/\\\/kirigami.si\\\/#website\",\"url\":\"https:\\\/\\\/kirigami.si\\\/\",\"name\":\"Kirigami\",\"description\":\"3d pop-up vo\u0161\u010dilnice\",\"publisher\":{\"@id\":\"https:\\\/\\\/kirigami.si\\\/#organization\"},\"potentialAction\":[{\"@type\":\"SearchAction\",\"target\":{\"@type\":\"EntryPoint\",\"urlTemplate\":\"https:\\\/\\\/kirigami.si\\\/?s={search_term_string}\"},\"query-input\":{\"@type\":\"PropertyValueSpecification\",\"valueRequired\":true,\"valueName\":\"search_term_string\"}}],\"inLanguage\":\"en-GB\"},{\"@type\":\"Organization\",\"@id\":\"https:\\\/\\\/kirigami.si\\\/#organization\",\"name\":\"Kirigami\",\"url\":\"https:\\\/\\\/kirigami.si\\\/\",\"logo\":{\"@type\":\"ImageObject\",\"inLanguage\":\"en-GB\",\"@id\":\"https:\\\/\\\/kirigami.si\\\/#\\\/schema\\\/logo\\\/image\\\/\",\"url\":\"https:\\\/\\\/kirigami.si\\\/wp-content\\\/uploads\\\/2020\\\/08\\\/Kirigami.si-150.png\",\"contentUrl\":\"https:\\\/\\\/kirigami.si\\\/wp-content\\\/uploads\\\/2020\\\/08\\\/Kirigami.si-150.png\",\"width\":150,\"height\":47,\"caption\":\"Kirigami\"},\"image\":{\"@id\":\"https:\\\/\\\/kirigami.si\\\/#\\\/schema\\\/logo\\\/image\\\/\"}}]}<\/script>\n<!-- \/ Yoast SEO plugin. -->","yoast_head_json":{"title":"Veleprodaja - Kirigami","robots":{"index":"index","follow":"follow","max-snippet":"max-snippet:-1","max-image-preview":"max-image-preview:large","max-video-preview":"max-video-preview:-1"},"canonical":"https:\/\/kirigami.si\/en\/veleprodaja\/","og_locale":"en_GB","og_type":"article","og_title":"Veleprodaja - Kirigami","og_description":"Veleprodaja za podjetja in trgovine Izdelava prototipa novega dizajna traja 3\u20134 tedne, odvisno od tega, kolikokrat je treba popravljati motiv. Izdelava stane 250 do 300 \u20ac, odvisno od zahtevnosti izdelave motiva. Izdelava motiva po ceni, o kateri se dogovorimo na kos (5\u20136 \u20ac), nato traja 3\u20134 \u200b\u200bmesece, odvisno od zasedenosti laserja. Minimalna narocena koli\u010dina je [&hellip;]","og_url":"https:\/\/kirigami.si\/en\/veleprodaja\/","og_site_name":"Kirigami","article_modified_time":"2025-09-30T12:02:45+00:00","twitter_card":"summary_large_image","twitter_misc":{"Estimated reading time":"1 minute"},"schema":{"@context":"https:\/\/schema.org","@graph":[{"@type":"WebPage","@id":"https:\/\/kirigami.si\/veleprodaja\/","url":"https:\/\/kirigami.si\/veleprodaja\/","name":"Veleprodaja - Kirigami","isPartOf":{"@id":"https:\/\/kirigami.si\/#website"},"datePublished":"2020-08-12T10:24:11+00:00","dateModified":"2025-09-30T12:02:45+00:00","breadcrumb":{"@id":"https:\/\/kirigami.si\/veleprodaja\/#breadcrumb"},"inLanguage":"en-GB","potentialAction":[{"@type":"ReadAction","target":["https:\/\/kirigami.si\/veleprodaja\/"]}]},{"@type":"BreadcrumbList","@id":"https:\/\/kirigami.si\/veleprodaja\/#breadcrumb","itemListElement":[{"@type":"ListItem","position":1,"name":"Home","item":"https:\/\/kirigami.si\/"},{"@type":"ListItem","position":2,"name":"Veleprodaja"}]},{"@type":"WebSite","@id":"https:\/\/kirigami.si\/#website","url":"https:\/\/kirigami.si\/","name":"Kirigami","description":"3d pop-up vo\u0161\u010dilnice","publisher":{"@id":"https:\/\/kirigami.si\/#organization"},"potentialAction":[{"@type":"SearchAction","target":{"@type":"EntryPoint","urlTemplate":"https:\/\/kirigami.si\/?s={search_term_string}"},"query-input":{"@type":"PropertyValueSpecification","valueRequired":true,"valueName":"search_term_string"}}],"inLanguage":"en-GB"},{"@type":"Organization","@id":"https:\/\/kirigami.si\/#organization","name":"Kirigami","url":"https:\/\/kirigami.si\/","logo":{"@type":"ImageObject","inLanguage":"en-GB","@id":"https:\/\/kirigami.si\/#\/schema\/logo\/image\/","url":"https:\/\/kirigami.si\/wp-content\/uploads\/2020\/08\/Kirigami.si-150.png","contentUrl":"https:\/\/kirigami.si\/wp-content\/uploads\/2020\/08\/Kirigami.si-150.png","width":150,"height":47,"caption":"Kirigami"},"image":{"@id":"https:\/\/kirigami.si\/#\/schema\/logo\/image\/"}}]}},"_links":{"self":[{"href":"https:\/\/kirigami.si\/en\/wp-json\/wp\/v2\/pages\/628","targetHints":{"allow":["GET"]}}],"collection":[{"href":"https:\/\/kirigami.si\/en\/wp-json\/wp\/v2\/pages"}],"about":[{"href":"https:\/\/kirigami.si\/en\/wp-json\/wp\/v2\/types\/page"}],"author":[{"embeddable":true,"href":"https:\/\/kirigami.si\/en\/wp-json\/wp\/v2\/users\/1"}],"replies":[{"embeddable":true,"href":"https:\/\/kirigami.si\/en\/wp-json\/wp\/v2\/comments?post=628"}],"version-history":[{"count":0,"href":"https:\/\/kirigami.si\/en\/wp-json\/wp\/v2\/pages\/628\/revisions"}],"wp:attachment":[{"href":"https:\/\/kirigami.si\/en\/wp-json\/wp\/v2\/media?parent=628"}],"curies":[{"name":"wp","href":"https:\/\/api.w.org\/{rel}","templated":true}]}}